{"id":131,"date":"2019-01-14T16:00:38","date_gmt":"2019-01-14T15:00:38","guid":{"rendered":"http:\/\/192.168.43.206:8888\/?page_id=131"},"modified":"2019-01-30T12:40:18","modified_gmt":"2019-01-30T11:40:18","slug":"nos-references","status":"publish","type":"page","link":"https:\/\/afs-france.com\/afs\/nos-references\/","title":{"rendered":"Nos r\u00e9f\u00e9rences"},"content":{"rendered":"<p>[et_pb_section fb_built=\u00a0\u00bb1&Prime; admin_label=\u00a0\u00bbTop\u00a0\u00bb _builder_version=\u00a0\u00bb3.19.7&Prime; background_color=\u00a0\u00bbrgba(12,12,12,0.46)\u00a0\u00bb background_image=\u00a0\u00bbhttp:\/\/afs-france.com\/afs\/wp-content\/uploads\/2019\/01\/ready-line.jpg\u00a0\u00bb background_blend=\u00a0\u00bbcolor-burn\u00a0\u00bb custom_padding=\u00a0\u00bb90px|0px|70px|0px|false|false\u00a0\u00bb][et_pb_row custom_padding=\u00a0\u00bb0|0px|0|0px|false|false\u00a0\u00bb _builder_version=\u00a0\u00bb3.19.4&Prime;][et_pb_column type=\u00a0\u00bb3_5&Prime; _builder_version=\u00a0\u00bb3.19.4&Prime; parallax=\u00a0\u00bboff\u00a0\u00bb parallax_method=\u00a0\u00bbon\u00a0\u00bb][et_pb_text _builder_version=\u00a0\u00bb3.19.7&Prime; text_font=\u00a0\u00bbRoboto|700|||||||\u00a0\u00bb text_text_color=\u00a0\u00bb#FFFFFF\u00a0\u00bb text_font_size=\u00a0\u00bb50px\u00a0\u00bb text_font_size_phone=\u00a0\u00bb35px\u00a0\u00bb text_font_size_last_edited=\u00a0\u00bbon|phone\u00a0\u00bb text_line_height=\u00a0\u00bb1.1em\u00a0\u00bb]<\/p>\n<p>Nos r\u00e9f\u00e9rences<\/p>\n<p>[\/et_pb_text][\/et_pb_column][et_pb_column type=\u00a0\u00bb2_5&Prime; _builder_version=\u00a0\u00bb3.19.4&Prime; parallax=\u00a0\u00bboff\u00a0\u00bb parallax_method=\u00a0\u00bbon\u00a0\u00bb][\/et_pb_column][\/et_pb_row][\/et_pb_section][et_pb_section fb_built=\u00a0\u00bb1&Prime; _builder_version=\u00a0\u00bb3.19.5&Prime;][et_pb_row _builder_version=\u00a0\u00bb3.19.7&Prime;][et_pb_column type=\u00a0\u00bb1_2&Prime; _builder_version=\u00a0\u00bb3.19.7&Prime; parallax=\u00a0\u00bboff\u00a0\u00bb parallax_method=\u00a0\u00bbon\u00a0\u00bb][et_pb_image src=\u00a0\u00bbhttp:\/\/afs-france.com\/afs\/wp-content\/uploads\/2019\/01\/parc-avance-1.jpg\u00a0\u00bb _builder_version=\u00a0\u00bb3.19.10&Prime; border_radii=\u00a0\u00bbon|2px|2px|2px|2px\u00a0\u00bb border_width_right=\u00a0\u00bb3px\u00a0\u00bb border_color_right=\u00a0\u00bb#EF5C2F\u00a0\u00bb][\/et_pb_image][\/et_pb_column][et_pb_column type=\u00a0\u00bb1_2&Prime; _builder_version=\u00a0\u00bb3.19.7&Prime; parallax=\u00a0\u00bboff\u00a0\u00bb parallax_method=\u00a0\u00bbon\u00a0\u00bb][et_pb_text _builder_version=\u00a0\u00bb3.19.7&Prime; text_font=\u00a0\u00bbRoboto|700||on|||||\u00a0\u00bb text_text_color=\u00a0\u00bb#ef5c2f\u00a0\u00bb text_font_size=\u00a0\u00bb24px\u00a0\u00bb header_font=\u00a0\u00bbRoboto|700|||||||\u00a0\u00bb]<\/p>\n<p><span style=\"color: #666666;\">Nos <\/span>clients<\/p>\n<p>[\/et_pb_text][et_pb_text _builder_version=\u00a0\u00bb3.19.7&Prime; text_font=\u00a0\u00bb||||||||\u00a0\u00bb text_text_color=\u00a0\u00bb#666666&Prime;]<\/p>\n<p>Goldcar, Europcar, ou encore InterRent, nos clients sont des acteurs historiques de la location de v\u00e9hicules, pour professionnels et particuliers.<\/p>\n<p>[\/et_pb_text][et_pb_button button_url=\u00a0\u00bb\/afs\/nos-clients\/\u00a0\u00bb button_text=\u00a0\u00bbEn savoir plus\u00a0\u00bb button_alignment=\u00a0\u00bbleft\u00a0\u00bb _builder_version=\u00a0\u00bb3.19.7&Prime; custom_button=\u00a0\u00bbon\u00a0\u00bb button_text_size=\u00a0\u00bb14px\u00a0\u00bb button_text_color=\u00a0\u00bb#ef5c2f\u00a0\u00bb button_border_color=\u00a0\u00bb#ef5c2f\u00a0\u00bb button_font=\u00a0\u00bb||||||||\u00a0\u00bb button_use_icon=\u00a0\u00bboff\u00a0\u00bb custom_margin=\u00a0\u00bb20px||\u00a0\u00bb button_text_color__hover_enabled=\u00a0\u00bbon\u00a0\u00bb button_bg_color__hover_enabled=\u00a0\u00bbon\u00a0\u00bb button_bg_color__hover=\u00a0\u00bb#EF5C2F\u00a0\u00bb button_text_color__hover=\u00a0\u00bb#ffffff\u00a0\u00bb button_border_color__hover_enabled=\u00a0\u00bbon\u00a0\u00bb button_border_color__hover=\u00a0\u00bb#ef5c2f\u00a0\u00bb][\/et_pb_button][\/et_pb_column][\/et_pb_row][et_pb_row disabled_on=\u00a0\u00bbon|on|off\u00a0\u00bb _builder_version=\u00a0\u00bb3.19.7&Prime;][et_pb_column type=\u00a0\u00bb1_2&Prime; _builder_version=\u00a0\u00bb3.19.7&Prime; parallax=\u00a0\u00bboff\u00a0\u00bb parallax_method=\u00a0\u00bbon\u00a0\u00bb][et_pb_text _builder_version=\u00a0\u00bb3.19.7&Prime; text_font=\u00a0\u00bbRoboto|700||on|||||\u00a0\u00bb text_text_color=\u00a0\u00bb#ef5c2f\u00a0\u00bb text_font_size=\u00a0\u00bb24px\u00a0\u00bb header_font=\u00a0\u00bbRoboto||||||||\u00a0\u00bb]<\/p>\n<p><span style=\"color: #666666;\"><span>Label<\/span> <\/span>Safety Driver<\/p>\n<p>[\/et_pb_text][et_pb_text _builder_version=\u00a0\u00bb3.19.7&Prime; text_font=\u00a0\u00bb||||||||\u00a0\u00bb text_text_color=\u00a0\u00bb#666666&Prime;]<\/p>\n<p>D\u00e9couvrez notre nouveau label s\u00e9curitaire, garantissant la s\u00e9curit\u00e9 des personnes sur les zones a\u00e9roportuaires et permettant de r\u00e9soudre les probl\u00e8mes li\u00e9s au non respect du code de la route.<\/p>\n<p>[\/et_pb_text][et_pb_button button_url=\u00a0\u00bb\/afs\/safety-driver\/\u00a0\u00bb button_text=\u00a0\u00bbEn savoir plus\u00a0\u00bb button_alignment=\u00a0\u00bbleft\u00a0\u00bb _builder_version=\u00a0\u00bb3.19.7&Prime; custom_button=\u00a0\u00bbon\u00a0\u00bb button_text_size=\u00a0\u00bb14px\u00a0\u00bb button_text_color=\u00a0\u00bb#ef5c2f\u00a0\u00bb button_border_color=\u00a0\u00bb#ef5c2f\u00a0\u00bb button_font=\u00a0\u00bb||||||||\u00a0\u00bb button_use_icon=\u00a0\u00bboff\u00a0\u00bb custom_margin=\u00a0\u00bb20px||\u00a0\u00bb button_text_color__hover_enabled=\u00a0\u00bbon\u00a0\u00bb button_bg_color__hover_enabled=\u00a0\u00bbon\u00a0\u00bb button_bg_color__hover=\u00a0\u00bb#EF5C2F\u00a0\u00bb button_text_color__hover=\u00a0\u00bb#ffffff\u00a0\u00bb button_border_color__hover_enabled=\u00a0\u00bbon\u00a0\u00bb button_border_color__hover=\u00a0\u00bb#ef5c2f\u00a0\u00bb][\/et_pb_button][\/et_pb_column][et_pb_column type=\u00a0\u00bb1_2&Prime; _builder_version=\u00a0\u00bb3.19.7&Prime; parallax=\u00a0\u00bboff\u00a0\u00bb parallax_method=\u00a0\u00bbon\u00a0\u00bb][et_pb_image src=\u00a0\u00bbhttp:\/\/afs-france.com\/afs\/wp-content\/uploads\/2019\/01\/safety-driver-1.jpg\u00a0\u00bb _builder_version=\u00a0\u00bb3.19.10&Prime; border_radii=\u00a0\u00bbon|2px|2px|2px|2px\u00a0\u00bb border_color_right=\u00a0\u00bb#EF5C2F\u00a0\u00bb border_width_left=\u00a0\u00bb3px\u00a0\u00bb border_color_left=\u00a0\u00bb#EF5C2F\u00a0\u00bb][\/et_pb_image][\/et_pb_column][\/et_pb_row][et_pb_row disabled_on=\u00a0\u00bboff|off|on\u00a0\u00bb _builder_version=\u00a0\u00bb3.19.7&Prime;][et_pb_column type=\u00a0\u00bb1_2&Prime; _builder_version=\u00a0\u00bb3.19.7&Prime; parallax=\u00a0\u00bboff\u00a0\u00bb parallax_method=\u00a0\u00bbon\u00a0\u00bb][et_pb_image src=\u00a0\u00bbhttp:\/\/afs-france.com\/afs\/wp-content\/uploads\/2019\/01\/safety-driver-1.jpg\u00a0\u00bb _builder_version=\u00a0\u00bb3.19.10&Prime; border_radii=\u00a0\u00bbon|2px|2px|2px|2px\u00a0\u00bb border_width_right=\u00a0\u00bb3px\u00a0\u00bb border_color_right=\u00a0\u00bb#EF5C2F\u00a0\u00bb][\/et_pb_image][\/et_pb_column][et_pb_column type=\u00a0\u00bb1_2&Prime; _builder_version=\u00a0\u00bb3.19.7&Prime; parallax=\u00a0\u00bboff\u00a0\u00bb parallax_method=\u00a0\u00bbon\u00a0\u00bb][et_pb_text _builder_version=\u00a0\u00bb3.19.7&Prime; text_font=\u00a0\u00bbRoboto|700||on|||||\u00a0\u00bb text_text_color=\u00a0\u00bb#ef5c2f\u00a0\u00bb text_font_size=\u00a0\u00bb24px\u00a0\u00bb]<\/p>\n<p><span style=\"color: #666666;\"><span>Label<\/span> <\/span>Safety Driver<\/p>\n<p>[\/et_pb_text][et_pb_text _builder_version=\u00a0\u00bb3.19.7&Prime; text_font=\u00a0\u00bbOpen Sans||||||||\u00a0\u00bb text_text_color=\u00a0\u00bb#666666&Prime;]<\/p>\n<p>D\u00e9couvrez notre nouveau label s\u00e9curitaire, garantissant la s\u00e9curit\u00e9 des personnes sur les zones a\u00e9roportuaires et permettant de r\u00e9soudre les probl\u00e8mes li\u00e9s au non respect du code de la route.<\/p>\n<p>[\/et_pb_text][et_pb_button button_url=\u00a0\u00bb\/afs\/safety-driver\/\u00a0\u00bb button_text=\u00a0\u00bbEn savoir plus\u00a0\u00bb button_alignment=\u00a0\u00bbleft\u00a0\u00bb _builder_version=\u00a0\u00bb3.19.7&Prime; custom_button=\u00a0\u00bbon\u00a0\u00bb button_text_size=\u00a0\u00bb14px\u00a0\u00bb button_text_color=\u00a0\u00bb#ef5c2f\u00a0\u00bb button_border_color=\u00a0\u00bb#ef5c2f\u00a0\u00bb button_font=\u00a0\u00bb||||||||\u00a0\u00bb button_use_icon=\u00a0\u00bboff\u00a0\u00bb custom_margin=\u00a0\u00bb20px||\u00a0\u00bb button_text_color__hover_enabled=\u00a0\u00bbon\u00a0\u00bb button_bg_color__hover_enabled=\u00a0\u00bbon\u00a0\u00bb button_bg_color__hover=\u00a0\u00bb#EF5C2F\u00a0\u00bb button_text_color__hover=\u00a0\u00bb#ffffff\u00a0\u00bb button_border_color__hover_enabled=\u00a0\u00bbon\u00a0\u00bb button_border_color__hover=\u00a0\u00bb#ef5c2f\u00a0\u00bb][\/et_pb_button][\/et_pb_column][\/et_pb_row][\/et_pb_section][et_pb_section fb_built=\u00a0\u00bb1&Prime; _builder_version=\u00a0\u00bb3.19.4&Prime; background_color=\u00a0\u00bb#262626&Prime; custom_padding=\u00a0\u00bb0|0px|0|0px|false|false\u00a0\u00bb global_module=\u00a0\u00bb792&Prime;][et_pb_row custom_padding=\u00a0\u00bb27px|0px|0|0px|false|false\u00a0\u00bb _builder_version=\u00a0\u00bb3.19.4&Prime;][et_pb_column type=\u00a0\u00bb1_3&Prime; _builder_version=\u00a0\u00bb3.19.4&Prime; parallax=\u00a0\u00bboff\u00a0\u00bb parallax_method=\u00a0\u00bbon\u00a0\u00bb][et_pb_text _builder_version=\u00a0\u00bb3.19.7&Prime; text_font=\u00a0\u00bbRoboto|700|||||||\u00a0\u00bb text_text_color=\u00a0\u00bb#FFFFFF\u00a0\u00bb text_font_size=\u00a0\u00bb24px\u00a0\u00bb text_letter_spacing=\u00a0\u00bb1px\u00a0\u00bb text_line_height=\u00a0\u00bb1.2em\u00a0\u00bb header_font=\u00a0\u00bb||||||||\u00a0\u00bb]<\/p>\n<p>Automotive<br \/> <span style=\"color: #ef5c2f;\">Fleet Services<\/span><\/p>\n<p>[\/et_pb_text][et_pb_text _builder_version=\u00a0\u00bb3.19.7&Prime; text_font=\u00a0\u00bb||||||||\u00a0\u00bb text_text_color=\u00a0\u00bb#FFFFFF\u00a0\u00bb]<\/p>\n<p><span>Sp\u00e9cialistes dans la gestion des parcs automobiles, le convoyage, la maintenance et le nettoyage de v\u00e9hicules.<\/span><\/p>\n<p>[\/et_pb_text][\/et_pb_column][et_pb_column type=\u00a0\u00bb1_3&Prime; _builder_version=\u00a0\u00bb3.19.4&Prime; parallax=\u00a0\u00bboff\u00a0\u00bb parallax_method=\u00a0\u00bbon\u00a0\u00bb][et_pb_text _builder_version=\u00a0\u00bb3.19.4&Prime; text_font=\u00a0\u00bb|700|||||||\u00a0\u00bb text_text_color=\u00a0\u00bb#FFFFFF\u00a0\u00bb text_font_size=\u00a0\u00bb23px\u00a0\u00bb]<\/p>\n<p>Nos Services<\/p>\n<p>[\/et_pb_text][et_pb_text _builder_version=\u00a0\u00bb3.19.7&Prime; text_font=\u00a0\u00bb||||||||\u00a0\u00bb text_text_color=\u00a0\u00bb#FFFFFF\u00a0\u00bb link_font=\u00a0\u00bb||||||||\u00a0\u00bb link_text_color=\u00a0\u00bb#ffffff\u00a0\u00bb]<\/p>\n<ul>\n<li><a href=\"\/afs\/proprete-du-vehicule\/\">Nettoyage du v\u00e9hicule<\/a><\/li>\n<li><a href=\"\/afs\/delestage-et-reapprovisionnement\/\">D\u00e9lestage et r\u00e9approvisionnement<\/a><\/li>\n<li><a href=\"\/afs\/refueling\/\">Refueling<\/a><\/li>\n<li><a href=\"\/afs\/maintenance\/\">Maintenance<\/a><\/li>\n<li><a href=\"\/afs\/check-in-check-out\/\">Check-in \/ check-out<\/a><\/li>\n<li><a href=\"\/afs\/services-complementaires\/\">Services compl\u00e9mentaires<\/a><\/li>\n<\/ul>\n<p>[\/et_pb_text][\/et_pb_column][et_pb_column type=\u00a0\u00bb1_3&Prime; _builder_version=\u00a0\u00bb3.19.4&Prime; parallax=\u00a0\u00bboff\u00a0\u00bb parallax_method=\u00a0\u00bbon\u00a0\u00bb][et_pb_text _builder_version=\u00a0\u00bb3.19.4&Prime; text_font=\u00a0\u00bb|700|||||||\u00a0\u00bb text_text_color=\u00a0\u00bb#FFFFFF\u00a0\u00bb text_font_size=\u00a0\u00bb23px\u00a0\u00bb]<\/p>\n<p>Contactez-nous<\/p>\n<p>[\/et_pb_text][et_pb_text _builder_version=\u00a0\u00bb3.19.7&Prime; text_font=\u00a0\u00bb||||||||\u00a0\u00bb text_text_color=\u00a0\u00bb#FFFFFF\u00a0\u00bb link_font=\u00a0\u00bb||||||||\u00a0\u00bb link_text_color=\u00a0\u00bb#ffffff\u00a0\u00bb]<\/p>\n<p>Tel. : 04 42 41 05 62<br \/> Mail : <a href=\"\/afs\/contact\/\">Contactez-nous<\/a><\/p>\n<p>170 Boulevard Barth\u00e9l\u00e9my Abbadie, 13730 St-Victoret<\/p>\n<p>&nbsp;<\/p>\n<p>[\/et_pb_text][\/et_pb_column][\/et_pb_row][et_pb_row custom_padding=\u00a0\u00bb0|0px|0|0px|false|false\u00a0\u00bb _builder_version=\u00a0\u00bb3.19.7&Prime;][et_pb_column type=\u00a0\u00bb1_4&Prime; _builder_version=\u00a0\u00bb3.19.7&Prime; parallax=\u00a0\u00bboff\u00a0\u00bb parallax_method=\u00a0\u00bbon\u00a0\u00bb][et_pb_text _builder_version=\u00a0\u00bb3.19.7&Prime; text_font=\u00a0\u00bb||||||||\u00a0\u00bb text_font_size=\u00a0\u00bb12px\u00a0\u00bb header_font=\u00a0\u00bb||||||||\u00a0\u00bb custom_margin=\u00a0\u00bb6px||\u00a0\u00bb]<\/p>\n<p>Tous droits r\u00e9serv\u00e9s &#8211; REITER GROUP<\/p>\n<p>[\/et_pb_text][\/et_pb_column][et_pb_column type=\u00a0\u00bb1_4&Prime; _builder_version=\u00a0\u00bb3.19.7&Prime; parallax=\u00a0\u00bboff\u00a0\u00bb parallax_method=\u00a0\u00bbon\u00a0\u00bb][et_pb_text _builder_version=\u00a0\u00bb3.19.7&Prime; text_font=\u00a0\u00bb||||||||\u00a0\u00bb text_font_size=\u00a0\u00bb12px\u00a0\u00bb header_font=\u00a0\u00bb||||||||\u00a0\u00bb text_orientation=\u00a0\u00bbright\u00a0\u00bb custom_margin=\u00a0\u00bb6px||\u00a0\u00bb link_option_url=\u00a0\u00bb\/afs\/mentions-legales\/\u00a0\u00bb]<\/p>\n<p>Mentions l\u00e9gales<\/p>\n<p>[\/et_pb_text][\/et_pb_column][et_pb_column type=\u00a0\u00bb1_4&Prime; _builder_version=\u00a0\u00bb3.19.7&Prime; parallax=\u00a0\u00bboff\u00a0\u00bb parallax_method=\u00a0\u00bbon\u00a0\u00bb][\/et_pb_column][et_pb_column type=\u00a0\u00bb1_4&Prime; _builder_version=\u00a0\u00bb3.19.7&Prime; parallax=\u00a0\u00bboff\u00a0\u00bb parallax_method=\u00a0\u00bbon\u00a0\u00bb][et_pb_search show_button=\u00a0\u00bboff\u00a0\u00bb placeholder=\u00a0\u00bbRechercher\u00a0\u00bb _builder_version=\u00a0\u00bb3.19.4&Prime; input_font=\u00a0\u00bb||||||||\u00a0\u00bb input_font_size=\u00a0\u00bb12px\u00a0\u00bb button_font=\u00a0\u00bb||||||||\u00a0\u00bb module_alignment=\u00a0\u00bbcenter\u00a0\u00bb][\/et_pb_search][\/et_pb_column][\/et_pb_row][\/et_pb_section]<\/p>\n","protected":false},"excerpt":{"rendered":"<p>Nos r\u00e9f\u00e9rencesNos clientsGoldcar, Europcar, ou encore InterRent, nos clients sont des acteurs historiques de la location de v\u00e9hicules, pour professionnels et particuliers.Label Safety DriverD\u00e9couvrez notre nouveau label s\u00e9curitaire, garantissant la s\u00e9curit\u00e9 des personnes sur les zones a\u00e9roportuaires et permettant de r\u00e9soudre les probl\u00e8mes li\u00e9s au non respect du code de la route.Label Safety DriverD\u00e9couvrez notre [&hellip;]<\/p>\n","protected":false},"author":2,"featured_media":0,"parent":0,"menu_order":0,"comment_status":"closed","ping_status":"closed","template":"","meta":{"_et_pb_use_builder":"on","_et_pb_old_content":"","_et_gb_content_width":""},"_links":{"self":[{"href":"https:\/\/afs-france.com\/afs\/wp-json\/wp\/v2\/pages\/131"}],"collection":[{"href":"https:\/\/afs-france.com\/afs\/wp-json\/wp\/v2\/pages"}],"about":[{"href":"https:\/\/afs-france.com\/afs\/wp-json\/wp\/v2\/types\/page"}],"author":[{"embeddable":true,"href":"https:\/\/afs-france.com\/afs\/wp-json\/wp\/v2\/users\/2"}],"replies":[{"embeddable":true,"href":"https:\/\/afs-france.com\/afs\/wp-json\/wp\/v2\/comments?post=131"}],"version-history":[{"count":1,"href":"https:\/\/afs-france.com\/afs\/wp-json\/wp\/v2\/pages\/131\/revisions"}],"predecessor-version":[{"id":1542,"href":"https:\/\/afs-france.com\/afs\/wp-json\/wp\/v2\/pages\/131\/revisions\/1542"}],"wp:attachment":[{"href":"https:\/\/afs-france.com\/afs\/wp-json\/wp\/v2\/media?parent=131"}],"curies":[{"name":"wp","href":"https:\/\/api.w.org\/{rel}","templated":true}]}}