{"id":253,"date":"2019-01-16T09:29:41","date_gmt":"2019-01-16T08:29:41","guid":{"rendered":"http:\/\/192.168.43.206:8888\/?page_id=253"},"modified":"2019-01-29T16:55:02","modified_gmt":"2019-01-29T15:55:02","slug":"opportunites","status":"publish","type":"page","link":"https:\/\/afs-france.com\/afs\/opportunites\/","title":{"rendered":"Opportunit\u00e9s"},"content":{"rendered":"<p>[et_pb_section fb_built=\u00a0\u00bb1&Prime; admin_label=\u00a0\u00bbTop\u00a0\u00bb _builder_version=\u00a0\u00bb3.19.7&Prime; background_color=\u00a0\u00bbrgba(12,12,12,0.46)\u00a0\u00bb background_image=\u00a0\u00bbhttp:\/\/afs-france.com\/afs\/wp-content\/uploads\/2019\/01\/ouverture-site.jpg\u00a0\u00bb background_blend=\u00a0\u00bbcolor-burn\u00a0\u00bb custom_padding=\u00a0\u00bb54px|0px|54px|0px|false|false\u00a0\u00bb][et_pb_row custom_padding=\u00a0\u00bb0|0px|0|0px|false|false\u00a0\u00bb _builder_version=\u00a0\u00bb3.19.4&Prime;][et_pb_column type=\u00a0\u00bb3_5&Prime; _builder_version=\u00a0\u00bb3.19.4&Prime; parallax=\u00a0\u00bboff\u00a0\u00bb parallax_method=\u00a0\u00bbon\u00a0\u00bb][et_pb_text _builder_version=\u00a0\u00bb3.19.7&Prime; text_font=\u00a0\u00bbRoboto|700|||||||\u00a0\u00bb text_text_color=\u00a0\u00bb#FFFFFF\u00a0\u00bb text_font_size=\u00a0\u00bb50px\u00a0\u00bb text_font_size_phone=\u00a0\u00bb35px\u00a0\u00bb text_font_size_last_edited=\u00a0\u00bbon|phone\u00a0\u00bb text_line_height=\u00a0\u00bb1.1em\u00a0\u00bb]<\/p>\n<p>Opportunit\u00e9s<\/p>\n<p>[\/et_pb_text][et_pb_text _builder_version=\u00a0\u00bb3.19.7&Prime; text_font=\u00a0\u00bbOpen Sans||||||||\u00a0\u00bb text_text_color=\u00a0\u00bb#FFFFFF\u00a0\u00bb text_font_size=\u00a0\u00bb18px\u00a0\u00bb text_line_height=\u00a0\u00bb1.1em\u00a0\u00bb]<\/p>\n<p>Un environnement motivant.<\/p>\n<p>[\/et_pb_text][\/et_pb_column][et_pb_column type=\u00a0\u00bb2_5&Prime; _builder_version=\u00a0\u00bb3.19.4&Prime; parallax=\u00a0\u00bboff\u00a0\u00bb parallax_method=\u00a0\u00bbon\u00a0\u00bb][\/et_pb_column][\/et_pb_row][\/et_pb_section][et_pb_section fb_built=\u00a0\u00bb1&Prime; _builder_version=\u00a0\u00bb3.19.6&Prime;][et_pb_row custom_padding=\u00a0\u00bb0|0px|0|0px|false|false\u00a0\u00bb _builder_version=\u00a0\u00bb3.19.6&Prime;][et_pb_column type=\u00a0\u00bb1_3&Prime; _builder_version=\u00a0\u00bb3.19.6&Prime; parallax=\u00a0\u00bboff\u00a0\u00bb parallax_method=\u00a0\u00bbon\u00a0\u00bb][et_pb_blurb title=\u00a0\u00bbEvaluation\u00a0\u00bb use_icon=\u00a0\u00bbon\u00a0\u00bb font_icon=\u00a0\u00bb%%57%%\u00a0\u00bb icon_color=\u00a0\u00bb#EF5C2F\u00a0\u00bb _builder_version=\u00a0\u00bb3.19.7&Prime; header_font=\u00a0\u00bbRoboto|700|||||||\u00a0\u00bb header_text_align=\u00a0\u00bbcenter\u00a0\u00bb header_text_color=\u00a0\u00bb#666666&Prime; header_font_size=\u00a0\u00bb24px\u00a0\u00bb body_font=\u00a0\u00bb||||||||\u00a0\u00bb body_text_align=\u00a0\u00bbcenter\u00a0\u00bb body_text_color=\u00a0\u00bb#666666&Prime;]<\/p>\n<p>Chaque ann\u00e9e, nous organisons un entretien entre un collaborateur et son sup\u00e9rieur afin d&rsquo;effectuer un bilan de comp\u00e9tences et de discuter d&rsquo;\u00e9ventuelles \u00e9volutions de carri\u00e8res.<\/p>\n<p>[\/et_pb_blurb][\/et_pb_column][et_pb_column type=\u00a0\u00bb1_3&Prime; _builder_version=\u00a0\u00bb3.19.6&Prime; parallax=\u00a0\u00bboff\u00a0\u00bb parallax_method=\u00a0\u00bbon\u00a0\u00bb][et_pb_blurb title=\u00a0\u00bbEvolution\u00a0\u00bb use_icon=\u00a0\u00bbon\u00a0\u00bb font_icon=\u00a0\u00bb%%5%%\u00a0\u00bb icon_color=\u00a0\u00bb#EF5C2F\u00a0\u00bb _builder_version=\u00a0\u00bb3.19.7&Prime; header_font=\u00a0\u00bbRoboto|600|||||||\u00a0\u00bb header_text_align=\u00a0\u00bbcenter\u00a0\u00bb header_text_color=\u00a0\u00bb#666666&Prime; header_font_size=\u00a0\u00bb24px\u00a0\u00bb body_font=\u00a0\u00bb||||||||\u00a0\u00bb body_text_align=\u00a0\u00bbcenter\u00a0\u00bb]<\/p>\n<p>Le d\u00e9veloppement rapide de l\u2019entreprise en France offre de nombreuses opportunit\u00e9s professionnelles. Selon les comp\u00e9tences, les qualit\u00e9s et la motivation de chacun, il est possible d\u2019\u00e9voluer rapidement au sein de l\u2019entreprise.<\/p>\n<p>[\/et_pb_blurb][\/et_pb_column][et_pb_column type=\u00a0\u00bb1_3&Prime; _builder_version=\u00a0\u00bb3.19.6&Prime; parallax=\u00a0\u00bboff\u00a0\u00bb parallax_method=\u00a0\u00bbon\u00a0\u00bb][et_pb_blurb title=\u00a0\u00bbChallenge\u00a0\u00bb use_icon=\u00a0\u00bbon\u00a0\u00bb font_icon=\u00a0\u00bb%%169%%\u00a0\u00bb icon_color=\u00a0\u00bb#EF5C2F\u00a0\u00bb _builder_version=\u00a0\u00bb3.19.7&Prime; header_font=\u00a0\u00bbRoboto|600|||||||\u00a0\u00bb header_text_align=\u00a0\u00bbcenter\u00a0\u00bb header_text_color=\u00a0\u00bb#666666&Prime; header_font_size=\u00a0\u00bb24px\u00a0\u00bb body_font=\u00a0\u00bb||||||||\u00a0\u00bb body_text_align=\u00a0\u00bbcenter\u00a0\u00bb]<\/p>\n<p>R\u00e9guli\u00e8rement, afin de motiver et r\u00e9compenser les \u00e9quipes, nous organisons des challenges, sur des crit\u00e8res de propret\u00e9 et qualit\u00e9 des v\u00e9hicules, de rapidit\u00e9, ou encore de disponibilit\u00e9.<\/p>\n<p>[\/et_pb_blurb][\/et_pb_column][\/et_pb_row][et_pb_row _builder_version=\u00a0\u00bb3.19.7&Prime; global_module=\u00a0\u00bb1128&Prime; saved_tabs=\u00a0\u00bball\u00a0\u00bb][et_pb_column type=\u00a0\u00bb4_4&Prime; _builder_version=\u00a0\u00bb3.19.7&Prime; parallax=\u00a0\u00bboff\u00a0\u00bb parallax_method=\u00a0\u00bbon\u00a0\u00bb][et_pb_cta title=\u00a0\u00bbD\u00e9couvrez nos offres d&#8217;emploi\u00a0\u00bb button_url=\u00a0\u00bbhttps:\/\/www.indeedjobs.com\/automotive-fleet-services\/_hl\/fr_FR?cpref=JXWAtnzf3XW5aRnY2g_zonsfzg9-fxtSUNhLihtbgAA\u00a0\u00bb url_new_window=\u00a0\u00bbon\u00a0\u00bb button_text=\u00a0\u00bbD\u00e9couvrir\u00a0\u00bb _builder_version=\u00a0\u00bb3.19.7&Prime; body_font=\u00a0\u00bb||||||||\u00a0\u00bb body_font_size=\u00a0\u00bb16px\u00a0\u00bb background_color=\u00a0\u00bb#329cdd\u00a0\u00bb]<\/p>\n<p>Nous recrutons pr\u00e9parateurs convoyeurs, chefs d&rsquo;\u00e9quipes, responsables secteurs et bien d&rsquo;autres. D\u00e9couvrez nos offres d&#8217;emploi en 1-clic.<\/p>\n<p>[\/et_pb_cta][\/et_pb_column][\/et_pb_row][\/et_pb_section][et_pb_section fb_built=\u00a0\u00bb1&Prime; _builder_version=\u00a0\u00bb3.19.4&Prime; background_color=\u00a0\u00bb#262626&Prime; custom_padding=\u00a0\u00bb0|0px|0|0px|false|false\u00a0\u00bb global_module=\u00a0\u00bb792&Prime;][et_pb_row custom_padding=\u00a0\u00bb27px|0px|0|0px|false|false\u00a0\u00bb _builder_version=\u00a0\u00bb3.19.4&Prime;][et_pb_column type=\u00a0\u00bb1_3&Prime; _builder_version=\u00a0\u00bb3.19.4&Prime; parallax=\u00a0\u00bboff\u00a0\u00bb parallax_method=\u00a0\u00bbon\u00a0\u00bb][et_pb_text _builder_version=\u00a0\u00bb3.19.7&Prime; text_font=\u00a0\u00bbRoboto|700|||||||\u00a0\u00bb text_text_color=\u00a0\u00bb#FFFFFF\u00a0\u00bb text_font_size=\u00a0\u00bb24px\u00a0\u00bb text_letter_spacing=\u00a0\u00bb1px\u00a0\u00bb text_line_height=\u00a0\u00bb1.2em\u00a0\u00bb header_font=\u00a0\u00bb||||||||\u00a0\u00bb]<\/p>\n<p>Automotive<br \/> <span style=\"color: #ef5c2f;\">Fleet Services<\/span><\/p>\n<p>[\/et_pb_text][et_pb_text _builder_version=\u00a0\u00bb3.19.7&Prime; text_font=\u00a0\u00bb||||||||\u00a0\u00bb text_text_color=\u00a0\u00bb#FFFFFF\u00a0\u00bb]<\/p>\n<p><span>Sp\u00e9cialistes dans la gestion des parcs automobiles, le convoyage, la maintenance et le nettoyage de v\u00e9hicules.<\/span><\/p>\n<p>[\/et_pb_text][\/et_pb_column][et_pb_column type=\u00a0\u00bb1_3&Prime; _builder_version=\u00a0\u00bb3.19.4&Prime; parallax=\u00a0\u00bboff\u00a0\u00bb parallax_method=\u00a0\u00bbon\u00a0\u00bb][et_pb_text _builder_version=\u00a0\u00bb3.19.4&Prime; text_font=\u00a0\u00bb|700|||||||\u00a0\u00bb text_text_color=\u00a0\u00bb#FFFFFF\u00a0\u00bb text_font_size=\u00a0\u00bb23px\u00a0\u00bb]<\/p>\n<p>Nos Services<\/p>\n<p>[\/et_pb_text][et_pb_text _builder_version=\u00a0\u00bb3.19.7&Prime; text_font=\u00a0\u00bb||||||||\u00a0\u00bb text_text_color=\u00a0\u00bb#FFFFFF\u00a0\u00bb link_font=\u00a0\u00bb||||||||\u00a0\u00bb link_text_color=\u00a0\u00bb#ffffff\u00a0\u00bb]<\/p>\n<ul>\n<li><a href=\"\/afs\/proprete-du-vehicule\/\">Nettoyage du v\u00e9hicule<\/a><\/li>\n<li><a href=\"\/afs\/delestage-et-reapprovisionnement\/\">D\u00e9lestage et r\u00e9approvisionnement<\/a><\/li>\n<li><a href=\"\/afs\/refueling\/\">Refueling<\/a><\/li>\n<li><a href=\"\/afs\/maintenance\/\">Maintenance<\/a><\/li>\n<li><a href=\"\/afs\/check-in-check-out\/\">Check-in \/ check-out<\/a><\/li>\n<li><a href=\"\/afs\/services-complementaires\/\">Services compl\u00e9mentaires<\/a><\/li>\n<\/ul>\n<p>[\/et_pb_text][\/et_pb_column][et_pb_column type=\u00a0\u00bb1_3&Prime; _builder_version=\u00a0\u00bb3.19.4&Prime; parallax=\u00a0\u00bboff\u00a0\u00bb parallax_method=\u00a0\u00bbon\u00a0\u00bb][et_pb_text _builder_version=\u00a0\u00bb3.19.4&Prime; text_font=\u00a0\u00bb|700|||||||\u00a0\u00bb text_text_color=\u00a0\u00bb#FFFFFF\u00a0\u00bb text_font_size=\u00a0\u00bb23px\u00a0\u00bb]<\/p>\n<p>Contactez-nous<\/p>\n<p>[\/et_pb_text][et_pb_text _builder_version=\u00a0\u00bb3.19.7&Prime; text_font=\u00a0\u00bb||||||||\u00a0\u00bb text_text_color=\u00a0\u00bb#FFFFFF\u00a0\u00bb link_font=\u00a0\u00bb||||||||\u00a0\u00bb link_text_color=\u00a0\u00bb#ffffff\u00a0\u00bb]<\/p>\n<p>Tel. : 04 42 41 05 62<br \/> Mail : <a href=\"\/afs\/contact\/\">Contactez-nous<\/a><\/p>\n<p>170 Boulevard Barth\u00e9l\u00e9my Abbadie, 13730 St-Victoret<\/p>\n<p>&nbsp;<\/p>\n<p>[\/et_pb_text][\/et_pb_column][\/et_pb_row][et_pb_row custom_padding=\u00a0\u00bb0|0px|0|0px|false|false\u00a0\u00bb _builder_version=\u00a0\u00bb3.19.7&Prime;][et_pb_column type=\u00a0\u00bb1_4&Prime; _builder_version=\u00a0\u00bb3.19.7&Prime; parallax=\u00a0\u00bboff\u00a0\u00bb parallax_method=\u00a0\u00bbon\u00a0\u00bb][et_pb_text _builder_version=\u00a0\u00bb3.19.7&Prime; text_font=\u00a0\u00bb||||||||\u00a0\u00bb text_font_size=\u00a0\u00bb12px\u00a0\u00bb header_font=\u00a0\u00bb||||||||\u00a0\u00bb custom_margin=\u00a0\u00bb6px||\u00a0\u00bb]<\/p>\n<p>Tous droits r\u00e9serv\u00e9s &#8211; REITER GROUP<\/p>\n<p>[\/et_pb_text][\/et_pb_column][et_pb_column type=\u00a0\u00bb1_4&Prime; _builder_version=\u00a0\u00bb3.19.7&Prime; parallax=\u00a0\u00bboff\u00a0\u00bb parallax_method=\u00a0\u00bbon\u00a0\u00bb][et_pb_text _builder_version=\u00a0\u00bb3.19.7&Prime; text_font=\u00a0\u00bb||||||||\u00a0\u00bb text_font_size=\u00a0\u00bb12px\u00a0\u00bb header_font=\u00a0\u00bb||||||||\u00a0\u00bb text_orientation=\u00a0\u00bbright\u00a0\u00bb custom_margin=\u00a0\u00bb6px||\u00a0\u00bb link_option_url=\u00a0\u00bb\/afs\/mentions-legales\/\u00a0\u00bb]<\/p>\n<p>Mentions l\u00e9gales<\/p>\n<p>[\/et_pb_text][\/et_pb_column][et_pb_column type=\u00a0\u00bb1_4&Prime; _builder_version=\u00a0\u00bb3.19.7&Prime; parallax=\u00a0\u00bboff\u00a0\u00bb parallax_method=\u00a0\u00bbon\u00a0\u00bb][\/et_pb_column][et_pb_column type=\u00a0\u00bb1_4&Prime; _builder_version=\u00a0\u00bb3.19.7&Prime; parallax=\u00a0\u00bboff\u00a0\u00bb parallax_method=\u00a0\u00bbon\u00a0\u00bb][et_pb_search show_button=\u00a0\u00bboff\u00a0\u00bb placeholder=\u00a0\u00bbRechercher\u00a0\u00bb _builder_version=\u00a0\u00bb3.19.4&Prime; input_font=\u00a0\u00bb||||||||\u00a0\u00bb input_font_size=\u00a0\u00bb12px\u00a0\u00bb button_font=\u00a0\u00bb||||||||\u00a0\u00bb module_alignment=\u00a0\u00bbcenter\u00a0\u00bb][\/et_pb_search][\/et_pb_column][\/et_pb_row][\/et_pb_section]<\/p>\n","protected":false},"excerpt":{"rendered":"<p>Opportunit\u00e9sUn environnement motivant.Chaque ann\u00e9e, nous organisons un entretien entre un collaborateur et son sup\u00e9rieur afin d&rsquo;effectuer un bilan de comp\u00e9tences et de discuter d&rsquo;\u00e9ventuelles \u00e9volutions de carri\u00e8res.Le d\u00e9veloppement rapide de l\u2019entreprise en France offre de nombreuses opportunit\u00e9s professionnelles. Selon les comp\u00e9tences, les qualit\u00e9s et la motivation de chacun, il est possible d\u2019\u00e9voluer rapidement au sein [&hellip;]<\/p>\n","protected":false},"author":2,"featured_media":0,"parent":0,"menu_order":0,"comment_status":"closed","ping_status":"closed","template":"","meta":{"_et_pb_use_builder":"on","_et_pb_old_content":"","_et_gb_content_width":""},"_links":{"self":[{"href":"https:\/\/afs-france.com\/afs\/wp-json\/wp\/v2\/pages\/253"}],"collection":[{"href":"https:\/\/afs-france.com\/afs\/wp-json\/wp\/v2\/pages"}],"about":[{"href":"https:\/\/afs-france.com\/afs\/wp-json\/wp\/v2\/types\/page"}],"author":[{"embeddable":true,"href":"https:\/\/afs-france.com\/afs\/wp-json\/wp\/v2\/users\/2"}],"replies":[{"embeddable":true,"href":"https:\/\/afs-france.com\/afs\/wp-json\/wp\/v2\/comments?post=253"}],"version-history":[{"count":0,"href":"https:\/\/afs-france.com\/afs\/wp-json\/wp\/v2\/pages\/253\/revisions"}],"wp:attachment":[{"href":"https:\/\/afs-france.com\/afs\/wp-json\/wp\/v2\/media?parent=253"}],"curies":[{"name":"wp","href":"https:\/\/api.w.org\/{rel}","templated":true}]}}