{"id":56,"date":"2019-01-09T16:37:48","date_gmt":"2019-01-09T15:37:48","guid":{"rendered":"http:\/\/192.168.43.206:8888\/?page_id=56"},"modified":"2019-01-29T16:41:36","modified_gmt":"2019-01-29T15:41:36","slug":"nos-services","status":"publish","type":"page","link":"https:\/\/afs-france.com\/afs\/nos-services\/","title":{"rendered":"Nos services"},"content":{"rendered":"<p>[et_pb_section fb_built=\u00a0\u00bb1&Prime; admin_label=\u00a0\u00bbTop\u00a0\u00bb _builder_version=\u00a0\u00bb3.19.7&Prime; background_color=\u00a0\u00bbrgba(12,12,12,0.46)\u00a0\u00bb background_image=\u00a0\u00bbhttp:\/\/afs-france.com\/afs\/wp-content\/uploads\/2019\/01\/vitres-spray.jpg\u00a0\u00bb background_blend=\u00a0\u00bbcolor-burn\u00a0\u00bb custom_padding=\u00a0\u00bb54px|0px|54px|0px|false|false\u00a0\u00bb][et_pb_row custom_padding=\u00a0\u00bb0|0px|0|0px|false|false\u00a0\u00bb _builder_version=\u00a0\u00bb3.19.4&Prime;][et_pb_column type=\u00a0\u00bb3_5&Prime; _builder_version=\u00a0\u00bb3.19.4&Prime; parallax=\u00a0\u00bboff\u00a0\u00bb parallax_method=\u00a0\u00bbon\u00a0\u00bb][et_pb_text _builder_version=\u00a0\u00bb3.19.7&Prime; text_font=\u00a0\u00bbRoboto|700|||||||\u00a0\u00bb text_text_color=\u00a0\u00bb#FFFFFF\u00a0\u00bb text_font_size=\u00a0\u00bb50px\u00a0\u00bb text_font_size_phone=\u00a0\u00bb35px\u00a0\u00bb text_font_size_last_edited=\u00a0\u00bbon|phone\u00a0\u00bb text_line_height=\u00a0\u00bb1.1em\u00a0\u00bb]<\/p>\n<p>Nos services<\/p>\n<p>[\/et_pb_text][et_pb_text _builder_version=\u00a0\u00bb3.19.4&Prime; text_font=\u00a0\u00bbOpen Sans||||||||\u00a0\u00bb text_text_color=\u00a0\u00bb#FFFFFF\u00a0\u00bb text_font_size=\u00a0\u00bb18px\u00a0\u00bb text_line_height=\u00a0\u00bb1.1em\u00a0\u00bb]<\/p>\n<p><span>Des solutions pens\u00e9es pour vous.<\/span><\/p>\n<p>[\/et_pb_text][\/et_pb_column][et_pb_column type=\u00a0\u00bb2_5&Prime; _builder_version=\u00a0\u00bb3.19.4&Prime; parallax=\u00a0\u00bboff\u00a0\u00bb parallax_method=\u00a0\u00bbon\u00a0\u00bb][\/et_pb_column][\/et_pb_row][\/et_pb_section][et_pb_section fb_built=\u00a0\u00bb1&Prime; _builder_version=\u00a0\u00bb3.19.5&Prime;][et_pb_row make_equal=\u00a0\u00bbon\u00a0\u00bb _builder_version=\u00a0\u00bb3.19.6&Prime; custom_css_main_element=\u00a0\u00bbalign-items:center;\u00a0\u00bb][et_pb_column type=\u00a0\u00bb1_2&Prime; _builder_version=\u00a0\u00bb3.19.5&Prime; parallax=\u00a0\u00bboff\u00a0\u00bb parallax_method=\u00a0\u00bbon\u00a0\u00bb][et_pb_text _builder_version=\u00a0\u00bb3.19.7&Prime; text_font=\u00a0\u00bbRoboto|700||on|||||\u00a0\u00bb text_text_color=\u00a0\u00bb#EF5C2F\u00a0\u00bb text_font_size=\u00a0\u00bb24px\u00a0\u00bb text_line_height=\u00a0\u00bb1em\u00a0\u00bb header_font=\u00a0\u00bb||||||||\u00a0\u00bb]<\/p>\n<p>D\u00e9couvrez l&rsquo;ensemble de nos services<\/p>\n<p>[\/et_pb_text][et_pb_divider color=\u00a0\u00bb#ef5c2f\u00a0\u00bb divider_weight=\u00a0\u00bb2px\u00a0\u00bb _builder_version=\u00a0\u00bb3.19.5&Prime;][\/et_pb_divider][\/et_pb_column][et_pb_column type=\u00a0\u00bb1_2&Prime; _builder_version=\u00a0\u00bb3.19.5&Prime; parallax=\u00a0\u00bboff\u00a0\u00bb parallax_method=\u00a0\u00bbon\u00a0\u00bb][\/et_pb_column][\/et_pb_row][et_pb_row _builder_version=\u00a0\u00bb3.19.7&Prime; global_module=\u00a0\u00bb838&Prime; saved_tabs=\u00a0\u00bball\u00a0\u00bb][et_pb_column type=\u00a0\u00bb1_3&Prime; _builder_version=\u00a0\u00bb3.19.6&Prime; parallax=\u00a0\u00bboff\u00a0\u00bb parallax_method=\u00a0\u00bbon\u00a0\u00bb][et_pb_blurb title=\u00a0\u00bbNettoyage\u00a0\u00bb url=\u00a0\u00bb\/afs\/proprete-du-vehicule\/\u00a0\u00bb image=\u00a0\u00bbhttp:\/\/afs-france.com\/afs\/wp-content\/uploads\/2019\/01\/lavage-rouleau.jpg\u00a0\u00bb _builder_version=\u00a0\u00bb3.19.7&Prime; _dynamic_attributes=\u00a0\u00bburl\u00a0\u00bb header_font=\u00a0\u00bbRoboto|700|||||||\u00a0\u00bb header_text_align=\u00a0\u00bbleft\u00a0\u00bb header_text_color=\u00a0\u00bb#666666&Prime; header_font_size=\u00a0\u00bb24px\u00a0\u00bb body_font=\u00a0\u00bbOpen Sans||||||||\u00a0\u00bb border_radii=\u00a0\u00bbon|2px|2px|2px|2px\u00a0\u00bb border_radii_image=\u00a0\u00bbon|2px|2px|2px|2px\u00a0\u00bb border_width_bottom_image=\u00a0\u00bb3px\u00a0\u00bb border_color_bottom_image=\u00a0\u00bb#EF5C2F\u00a0\u00bb link_option_url=\u00a0\u00bb\/afs\/proprete-du-vehicule\/\u00a0\u00bb]<\/p>\n<p>Nettoyage int\u00e9rieur et ext\u00e9rieur des v\u00e9hicules l\u00e9gers et poids lourds, pressing, remise en \u00e9tat.<br \/> <b><\/b><\/p>\n<p>[\/et_pb_blurb][\/et_pb_column][et_pb_column type=\u00a0\u00bb1_3&Prime; _builder_version=\u00a0\u00bb3.19.6&Prime; parallax=\u00a0\u00bboff\u00a0\u00bb parallax_method=\u00a0\u00bbon\u00a0\u00bb][et_pb_blurb title=\u00a0\u00bbD\u00e9lestage et r\u00e9approvisionnement\u00a0\u00bb url=\u00a0\u00bb\/afs\/delestage-et-reapprovisionnement\/\u00a0\u00bb image=\u00a0\u00bbhttp:\/\/afs-france.com\/afs\/wp-content\/uploads\/2019\/01\/conduite-transfert.jpg\u00a0\u00bb _builder_version=\u00a0\u00bb3.19.7&Prime; header_font=\u00a0\u00bbRoboto|700|||||||\u00a0\u00bb header_text_color=\u00a0\u00bb#666666&Prime; header_font_size=\u00a0\u00bb24px\u00a0\u00bb border_radii_image=\u00a0\u00bbon|2px|2px|2px|2px\u00a0\u00bb border_width_bottom_image=\u00a0\u00bb3px\u00a0\u00bb border_color_bottom_image=\u00a0\u00bb#EF5C2F\u00a0\u00bb link_option_url=\u00a0\u00bb\/afs\/delestage-et-reapprovisionnement\/\u00a0\u00bb]<\/p>\n<p><span>D\u00e9lestage et r\u00e9approvisionnement des parcs automobiles, convoyage.<\/span><\/p>\n<p>[\/et_pb_blurb][\/et_pb_column][et_pb_column type=\u00a0\u00bb1_3&Prime; _builder_version=\u00a0\u00bb3.19.6&Prime; parallax=\u00a0\u00bboff\u00a0\u00bb parallax_method=\u00a0\u00bbon\u00a0\u00bb][et_pb_blurb title=\u00a0\u00bbRefueling\u00a0\u00bb url=\u00a0\u00bb\/afs\/refueling\/\u00a0\u00bb image=\u00a0\u00bbhttp:\/\/afs-france.com\/afs\/wp-content\/uploads\/2019\/01\/refueling-pompe.jpg\u00a0\u00bb _builder_version=\u00a0\u00bb3.19.7&Prime; header_font=\u00a0\u00bbRoboto|700|||||||\u00a0\u00bb header_text_color=\u00a0\u00bb#666666&Prime; header_font_size=\u00a0\u00bb24px\u00a0\u00bb body_font=\u00a0\u00bb||||||||\u00a0\u00bb border_radii_image=\u00a0\u00bbon|2px|2px|2px|2px\u00a0\u00bb border_width_bottom_image=\u00a0\u00bb3px\u00a0\u00bb border_color_bottom_image=\u00a0\u00bb#EF5C2F\u00a0\u00bb link_option_url=\u00a0\u00bb\/afs\/refueling\/\u00a0\u00bb]<\/p>\n<p><span>Refueling des v\u00e9hicules, tout type de carburants, niveau d&rsquo;Adblue.<\/span><\/p>\n<p>[\/et_pb_blurb][\/et_pb_column][\/et_pb_row][et_pb_row _builder_version=\u00a0\u00bb3.19.6&Prime; global_module=\u00a0\u00bb844&Prime; saved_tabs=\u00a0\u00bball\u00a0\u00bb][et_pb_column type=\u00a0\u00bb1_3&Prime; _builder_version=\u00a0\u00bb3.19.6&Prime; parallax=\u00a0\u00bboff\u00a0\u00bb parallax_method=\u00a0\u00bbon\u00a0\u00bb][et_pb_blurb title=\u00a0\u00bbMaintenance\u00a0\u00bb url=\u00a0\u00bb\/afs\/maintenance\/\u00a0\u00bb image=\u00a0\u00bbhttp:\/\/afs-france.com\/afs\/wp-content\/uploads\/2019\/01\/pression-oneus.jpg\u00a0\u00bb _builder_version=\u00a0\u00bb3.19.7&Prime; header_font=\u00a0\u00bbRoboto|700|||||||\u00a0\u00bb header_text_color=\u00a0\u00bb#666666&Prime; header_font_size=\u00a0\u00bb24px\u00a0\u00bb body_font=\u00a0\u00bbOpen Sans||||||||\u00a0\u00bb border_radii_image=\u00a0\u00bbon|2px|2px|2px|2px\u00a0\u00bb border_width_bottom_image=\u00a0\u00bb3px\u00a0\u00bb border_color_bottom_image=\u00a0\u00bb#EF5C2F\u00a0\u00bb link_option_url=\u00a0\u00bb\/afs\/maintenance\/\u00a0\u00bb]<\/p>\n<p><b><\/b><\/p>\n<div class=\"page\" title=\"Page 6\">\n<div class=\"layoutArea\">\n<div class=\"column\">\n<p><span style=\"font-size: 14px;\">Petite maintenance de v\u00e9hicules (niveau d\u2019huile, remplissage essuie-glace, crevaison, etc.).<\/span><br \/> <b><\/b><\/p>\n<\/div>\n<\/div>\n<\/div>\n<p>[\/et_pb_blurb][\/et_pb_column][et_pb_column type=\u00a0\u00bb1_3&Prime; _builder_version=\u00a0\u00bb3.19.6&Prime; parallax=\u00a0\u00bboff\u00a0\u00bb parallax_method=\u00a0\u00bbon\u00a0\u00bb][et_pb_blurb title=\u00a0\u00bbCheck-in \/ Check-out\u00a0\u00bb url=\u00a0\u00bb\/afs\/check-in-check-out\/\u00a0\u00bb image=\u00a0\u00bbhttp:\/\/afs-france.com\/afs\/wp-content\/uploads\/2019\/01\/checkinout.jpg\u00a0\u00bb _builder_version=\u00a0\u00bb3.19.7&Prime; header_font=\u00a0\u00bbRoboto|700|||||||\u00a0\u00bb header_text_color=\u00a0\u00bb#666666&Prime; header_font_size=\u00a0\u00bb24px\u00a0\u00bb border_radii_image=\u00a0\u00bbon|2px|2px|2px|2px\u00a0\u00bb border_width_bottom_image=\u00a0\u00bb3px\u00a0\u00bb border_color_bottom_image=\u00a0\u00bb#EF5C2F\u00a0\u00bb link_option_url=\u00a0\u00bb\/afs\/check-in-check-out\/\u00a0\u00bb]<\/p>\n<p><span>Check-in check-out des v\u00e9hicules.<\/span><\/p>\n<p>[\/et_pb_blurb][\/et_pb_column][et_pb_column type=\u00a0\u00bb1_3&Prime; _builder_version=\u00a0\u00bb3.19.6&Prime; parallax=\u00a0\u00bboff\u00a0\u00bb parallax_method=\u00a0\u00bbon\u00a0\u00bb][et_pb_blurb title=\u00a0\u00bbServices compl\u00e9mentaires\u00a0\u00bb url=\u00a0\u00bb\/afs\/services-complementaires\/\u00a0\u00bb image=\u00a0\u00bbhttp:\/\/afs-france.com\/afs\/wp-content\/uploads\/2019\/01\/position-accueil-clim.jpg\u00a0\u00bb _builder_version=\u00a0\u00bb3.19.7&Prime; header_font=\u00a0\u00bbRoboto|700|||||||\u00a0\u00bb header_text_color=\u00a0\u00bb#666666&Prime; header_font_size=\u00a0\u00bb24px\u00a0\u00bb body_font=\u00a0\u00bb||||||||\u00a0\u00bb body_text_color=\u00a0\u00bb#666666&Prime; border_radii_image=\u00a0\u00bbon|2px|2px|2px|2px\u00a0\u00bb border_width_bottom_image=\u00a0\u00bb3px\u00a0\u00bb border_color_bottom_image=\u00a0\u00bb#EF5C2F\u00a0\u00bb link_option_url=\u00a0\u00bb\/afs\/services-complementaires\/\u00a0\u00bb]<\/p>\n<p>Organisation de base arri\u00e8re, convoyage externe&#8230;<\/p>\n<p>[\/et_pb_blurb][\/et_pb_column][\/et_pb_row][\/et_pb_section][et_pb_section fb_built=\u00a0\u00bb1&Prime; admin_label=\u00a0\u00bbSafety Driver\u00a0\u00bb _builder_version=\u00a0\u00bb3.19.7&Prime; background_color=\u00a0\u00bb#329cdd\u00a0\u00bb background_color_gradient_direction=\u00a0\u00bb42deg\u00a0\u00bb custom_padding=\u00a0\u00bb0|0px|0|0px|false|false\u00a0\u00bb global_module=\u00a0\u00bb818&Prime; saved_tabs=\u00a0\u00bball\u00a0\u00bb][et_pb_row custom_padding=\u00a0\u00bb0|0px|0|0px|false|false\u00a0\u00bb make_equal=\u00a0\u00bbon\u00a0\u00bb _builder_version=\u00a0\u00bb3.19.6&Prime; custom_css_main_element=\u00a0\u00bbalign-items:center;\u00a0\u00bb][et_pb_column type=\u00a0\u00bb1_2&Prime; _builder_version=\u00a0\u00bb3.19.4&Prime; parallax=\u00a0\u00bboff\u00a0\u00bb parallax_method=\u00a0\u00bbon\u00a0\u00bb][et_pb_text _builder_version=\u00a0\u00bb3.19.7&Prime; text_font=\u00a0\u00bbRoboto|700||on|||||\u00a0\u00bb text_text_color=\u00a0\u00bb#FFFFFF\u00a0\u00bb text_font_size=\u00a0\u00bb25px\u00a0\u00bb text_font_size_tablet=\u00a0\u00bb23px\u00a0\u00bb text_font_size_phone=\u00a0\u00bb23px\u00a0\u00bb text_font_size_last_edited=\u00a0\u00bbon|phone\u00a0\u00bb header_font=\u00a0\u00bbRoboto|700|||||||\u00a0\u00bb header_font_size_phone=\u00a0\u00bb30px\u00a0\u00bb header_font_size_last_edited=\u00a0\u00bbon|desktop\u00a0\u00bb custom_padding=\u00a0\u00bb10px||\u00a0\u00bb custom_padding_phone=\u00a0\u00bb30px|||\u00a0\u00bb custom_padding_last_edited=\u00a0\u00bbon|phone\u00a0\u00bb]<\/p>\n<p><span>Safety Driver<\/span><\/p>\n<p>[\/et_pb_text][et_pb_text _builder_version=\u00a0\u00bb3.19.7&Prime; text_font=\u00a0\u00bbOpen Sans||||||||\u00a0\u00bb text_text_color=\u00a0\u00bb#FFFFFF\u00a0\u00bb text_font_size=\u00a0\u00bb18px\u00a0\u00bb text_font_size_tablet=\u00a0\u00bb16px\u00a0\u00bb text_font_size_phone=\u00a0\u00bb14px\u00a0\u00bb text_font_size_last_edited=\u00a0\u00bbon|phone\u00a0\u00bb]<\/p>\n<p><span>Le label s\u00e9curitaire Safety Driver assure \u00e0 nos partenaires, le respect du code de la route et des limitations de vitesse par nos convoyeurs.<\/span><\/p>\n<p>[\/et_pb_text][et_pb_button button_url=\u00a0\u00bb\/afs\/safety-driver\/\u00a0\u00bb button_text=\u00a0\u00bbEn savoir plus\u00a0\u00bb button_alignment=\u00a0\u00bbright\u00a0\u00bb _builder_version=\u00a0\u00bb3.19.7&Prime; custom_button=\u00a0\u00bbon\u00a0\u00bb button_text_size=\u00a0\u00bb16px\u00a0\u00bb button_text_color=\u00a0\u00bb#ffffff\u00a0\u00bb button_border_color=\u00a0\u00bb#FFFFFF\u00a0\u00bb button_font=\u00a0\u00bb||||||||\u00a0\u00bb button_use_icon=\u00a0\u00bboff\u00a0\u00bb button_text_color__hover_enabled=\u00a0\u00bbon\u00a0\u00bb button_text_color__hover=\u00a0\u00bb#ef5c2f\u00a0\u00bb button_bg_color__hover_enabled=\u00a0\u00bbon\u00a0\u00bb button_bg_color__hover=\u00a0\u00bb#ffffff\u00a0\u00bb][\/et_pb_button][\/et_pb_column][et_pb_column type=\u00a0\u00bb1_2&Prime; _builder_version=\u00a0\u00bb3.19.4&Prime; parallax=\u00a0\u00bboff\u00a0\u00bb parallax_method=\u00a0\u00bbon\u00a0\u00bb][et_pb_image src=\u00a0\u00bbhttp:\/\/afs-france.com\/afs\/wp-content\/uploads\/2019\/01\/safety-driver.jpg\u00a0\u00bb _builder_version=\u00a0\u00bb3.19.7&Prime; max_width=\u00a0\u00bb90%\u00a0\u00bb max_width_phone=\u00a0\u00bb100%\u00a0\u00bb max_width_last_edited=\u00a0\u00bbon|desktop\u00a0\u00bb module_alignment=\u00a0\u00bbcenter\u00a0\u00bb custom_margin=\u00a0\u00bb0px||-5px\u00a0\u00bb custom_padding=\u00a0\u00bb0px||\u00a0\u00bb][\/et_pb_image][et_pb_image src=\u00a0\u00bbhttp:\/\/192.168.43.206:8888\/wp-content\/uploads\/2019\/01\/Capture-d\u2019e?cran-2019-01-22-a?-10.10.07.png\u00a0\u00bb show_bottom_space=\u00a0\u00bboff\u00a0\u00bb _builder_version=\u00a0\u00bb3.19.7&Prime; border_color_all=\u00a0\u00bbrgba(0,0,0,0)\u00a0\u00bb border_style_all=\u00a0\u00bbnone\u00a0\u00bb custom_margin=\u00a0\u00bb||0px\u00a0\u00bb custom_padding=\u00a0\u00bb||0px\u00a0\u00bb][\/et_pb_image][\/et_pb_column][\/et_pb_row][\/et_pb_section][et_pb_section fb_built=\u00a0\u00bb1&Prime; _builder_version=\u00a0\u00bb3.19.4&Prime; background_color=\u00a0\u00bb#262626&Prime; custom_padding=\u00a0\u00bb0|0px|0|0px|false|false\u00a0\u00bb global_module=\u00a0\u00bb792&Prime;][et_pb_row custom_padding=\u00a0\u00bb27px|0px|0|0px|false|false\u00a0\u00bb _builder_version=\u00a0\u00bb3.19.4&Prime;][et_pb_column type=\u00a0\u00bb1_3&Prime; _builder_version=\u00a0\u00bb3.19.4&Prime; parallax=\u00a0\u00bboff\u00a0\u00bb parallax_method=\u00a0\u00bbon\u00a0\u00bb][et_pb_text _builder_version=\u00a0\u00bb3.19.7&Prime; text_font=\u00a0\u00bbRoboto|700|||||||\u00a0\u00bb text_text_color=\u00a0\u00bb#FFFFFF\u00a0\u00bb text_font_size=\u00a0\u00bb24px\u00a0\u00bb text_letter_spacing=\u00a0\u00bb1px\u00a0\u00bb text_line_height=\u00a0\u00bb1.2em\u00a0\u00bb header_font=\u00a0\u00bb||||||||\u00a0\u00bb]<\/p>\n<p>Automotive<br \/> <span style=\"color: #ef5c2f;\">Fleet Services<\/span><\/p>\n<p>[\/et_pb_text][et_pb_text _builder_version=\u00a0\u00bb3.19.7&Prime; text_font=\u00a0\u00bb||||||||\u00a0\u00bb text_text_color=\u00a0\u00bb#FFFFFF\u00a0\u00bb]<\/p>\n<p><span>Sp\u00e9cialistes dans la gestion des parcs automobiles, le convoyage, la maintenance et le nettoyage de v\u00e9hicules.<\/span><\/p>\n<p>[\/et_pb_text][\/et_pb_column][et_pb_column type=\u00a0\u00bb1_3&Prime; _builder_version=\u00a0\u00bb3.19.4&Prime; parallax=\u00a0\u00bboff\u00a0\u00bb parallax_method=\u00a0\u00bbon\u00a0\u00bb][et_pb_text _builder_version=\u00a0\u00bb3.19.4&Prime; text_font=\u00a0\u00bb|700|||||||\u00a0\u00bb text_text_color=\u00a0\u00bb#FFFFFF\u00a0\u00bb text_font_size=\u00a0\u00bb23px\u00a0\u00bb]<\/p>\n<p>Nos Services<\/p>\n<p>[\/et_pb_text][et_pb_text _builder_version=\u00a0\u00bb3.19.7&Prime; text_font=\u00a0\u00bb||||||||\u00a0\u00bb text_text_color=\u00a0\u00bb#FFFFFF\u00a0\u00bb link_font=\u00a0\u00bb||||||||\u00a0\u00bb link_text_color=\u00a0\u00bb#ffffff\u00a0\u00bb]<\/p>\n<ul>\n<li><a href=\"\/afs\/proprete-du-vehicule\/\">Nettoyage du v\u00e9hicule<\/a><\/li>\n<li><a href=\"\/afs\/delestage-et-reapprovisionnement\/\">D\u00e9lestage et r\u00e9approvisionnement<\/a><\/li>\n<li><a href=\"\/afs\/refueling\/\">Refueling<\/a><\/li>\n<li><a href=\"\/afs\/maintenance\/\">Maintenance<\/a><\/li>\n<li><a href=\"\/afs\/check-in-check-out\/\">Check-in \/ check-out<\/a><\/li>\n<li><a href=\"\/afs\/services-complementaires\/\">Services compl\u00e9mentaires<\/a><\/li>\n<\/ul>\n<p>[\/et_pb_text][\/et_pb_column][et_pb_column type=\u00a0\u00bb1_3&Prime; _builder_version=\u00a0\u00bb3.19.4&Prime; parallax=\u00a0\u00bboff\u00a0\u00bb parallax_method=\u00a0\u00bbon\u00a0\u00bb][et_pb_text _builder_version=\u00a0\u00bb3.19.4&Prime; text_font=\u00a0\u00bb|700|||||||\u00a0\u00bb text_text_color=\u00a0\u00bb#FFFFFF\u00a0\u00bb text_font_size=\u00a0\u00bb23px\u00a0\u00bb]<\/p>\n<p>Contactez-nous<\/p>\n<p>[\/et_pb_text][et_pb_text _builder_version=\u00a0\u00bb3.19.7&Prime; text_font=\u00a0\u00bb||||||||\u00a0\u00bb text_text_color=\u00a0\u00bb#FFFFFF\u00a0\u00bb link_font=\u00a0\u00bb||||||||\u00a0\u00bb link_text_color=\u00a0\u00bb#ffffff\u00a0\u00bb]<\/p>\n<p>Tel. : 04 42 41 05 62<br \/> Mail : <a href=\"\/afs\/contact\/\">Contactez-nous<\/a><\/p>\n<p>170 Boulevard Barth\u00e9l\u00e9my Abbadie, 13730 St-Victoret<\/p>\n<p>&nbsp;<\/p>\n<p>[\/et_pb_text][\/et_pb_column][\/et_pb_row][et_pb_row custom_padding=\u00a0\u00bb0|0px|0|0px|false|false\u00a0\u00bb _builder_version=\u00a0\u00bb3.19.7&Prime;][et_pb_column type=\u00a0\u00bb1_4&Prime; _builder_version=\u00a0\u00bb3.19.7&Prime; parallax=\u00a0\u00bboff\u00a0\u00bb parallax_method=\u00a0\u00bbon\u00a0\u00bb][et_pb_text _builder_version=\u00a0\u00bb3.19.7&Prime; text_font=\u00a0\u00bb||||||||\u00a0\u00bb text_font_size=\u00a0\u00bb12px\u00a0\u00bb header_font=\u00a0\u00bb||||||||\u00a0\u00bb custom_margin=\u00a0\u00bb6px||\u00a0\u00bb]<\/p>\n<p>Tous droits r\u00e9serv\u00e9s &#8211; REITER GROUP<\/p>\n<p>[\/et_pb_text][\/et_pb_column][et_pb_column type=\u00a0\u00bb1_4&Prime; _builder_version=\u00a0\u00bb3.19.7&Prime; parallax=\u00a0\u00bboff\u00a0\u00bb parallax_method=\u00a0\u00bbon\u00a0\u00bb][et_pb_text _builder_version=\u00a0\u00bb3.19.7&Prime; text_font=\u00a0\u00bb||||||||\u00a0\u00bb text_font_size=\u00a0\u00bb12px\u00a0\u00bb header_font=\u00a0\u00bb||||||||\u00a0\u00bb text_orientation=\u00a0\u00bbright\u00a0\u00bb custom_margin=\u00a0\u00bb6px||\u00a0\u00bb link_option_url=\u00a0\u00bb\/afs\/mentions-legales\/\u00a0\u00bb]<\/p>\n<p>Mentions l\u00e9gales<\/p>\n<p>[\/et_pb_text][\/et_pb_column][et_pb_column type=\u00a0\u00bb1_4&Prime; _builder_version=\u00a0\u00bb3.19.7&Prime; parallax=\u00a0\u00bboff\u00a0\u00bb parallax_method=\u00a0\u00bbon\u00a0\u00bb][\/et_pb_column][et_pb_column type=\u00a0\u00bb1_4&Prime; _builder_version=\u00a0\u00bb3.19.7&Prime; parallax=\u00a0\u00bboff\u00a0\u00bb parallax_method=\u00a0\u00bbon\u00a0\u00bb][et_pb_search show_button=\u00a0\u00bboff\u00a0\u00bb placeholder=\u00a0\u00bbRechercher\u00a0\u00bb _builder_version=\u00a0\u00bb3.19.4&Prime; input_font=\u00a0\u00bb||||||||\u00a0\u00bb input_font_size=\u00a0\u00bb12px\u00a0\u00bb button_font=\u00a0\u00bb||||||||\u00a0\u00bb module_alignment=\u00a0\u00bbcenter\u00a0\u00bb][\/et_pb_search][\/et_pb_column][\/et_pb_row][\/et_pb_section]<\/p>\n","protected":false},"excerpt":{"rendered":"<p>Nos servicesDes solutions pens\u00e9es pour vous.D\u00e9couvrez l&rsquo;ensemble de nos servicesNettoyage int\u00e9rieur et ext\u00e9rieur des v\u00e9hicules l\u00e9gers et poids lourds, pressing, remise en \u00e9tat. D\u00e9lestage et r\u00e9approvisionnement des parcs automobiles, convoyage.Refueling des v\u00e9hicules, tout type de carburants, niveau d&rsquo;Adblue. Petite maintenance de v\u00e9hicules (niveau d\u2019huile, remplissage essuie-glace, crevaison, etc.). Check-in check-out des v\u00e9hicules.Organisation de base arri\u00e8re, [&hellip;]<\/p>\n","protected":false},"author":2,"featured_media":0,"parent":0,"menu_order":0,"comment_status":"closed","ping_status":"closed","template":"","meta":{"_et_pb_use_builder":"on","_et_pb_old_content":"","_et_gb_content_width":""},"_links":{"self":[{"href":"https:\/\/afs-france.com\/afs\/wp-json\/wp\/v2\/pages\/56"}],"collection":[{"href":"https:\/\/afs-france.com\/afs\/wp-json\/wp\/v2\/pages"}],"about":[{"href":"https:\/\/afs-france.com\/afs\/wp-json\/wp\/v2\/types\/page"}],"author":[{"embeddable":true,"href":"https:\/\/afs-france.com\/afs\/wp-json\/wp\/v2\/users\/2"}],"replies":[{"embeddable":true,"href":"https:\/\/afs-france.com\/afs\/wp-json\/wp\/v2\/comments?post=56"}],"version-history":[{"count":0,"href":"https:\/\/afs-france.com\/afs\/wp-json\/wp\/v2\/pages\/56\/revisions"}],"wp:attachment":[{"href":"https:\/\/afs-france.com\/afs\/wp-json\/wp\/v2\/media?parent=56"}],"curies":[{"name":"wp","href":"https:\/\/api.w.org\/{rel}","templated":true}]}}